{"id":8924,"date":"2019-04-07T12:56:59","date_gmt":"2019-04-07T09:56:59","guid":{"rendered":"https:\/\/henka.ee\/ettevottest\/"},"modified":"2020-12-30T10:31:27","modified_gmt":"2020-12-30T08:31:27","slug":"ettevottest","status":"publish","type":"page","link":"https:\/\/old.henka.ee\/en\/ettevottest\/","title":{"rendered":"Ettev\u00f5ttest"},"content":{"rendered":"\t\t<div data-elementor-type=\"wp-post\" data-elementor-id=\"8924\" class=\"elementor elementor-8924 elementor-6315\" data-elementor-post-type=\"page\">\n\t\t\t\t\t\t<section class=\"has_ae_slider elementor-section elementor-top-section elementor-element elementor-element-c9a6343 elementor-section-boxed elementor-section-height-default elementor-section-height-default ae-bg-gallery-type-default\" data-id=\"c9a6343\" data-element_type=\"section\">\n\t\t\t\t\t\t<div class=\"elementor-container elementor-column-gap-default\">\n\t\t\t\t\t<div class=\"has_ae_slider elementor-column elementor-col-100 elementor-top-column elementor-element elementor-element-1b08664 ae-bg-gallery-type-default\" data-id=\"1b08664\" data-element_type=\"column\">\n\t\t\t<div class=\"elementor-widget-wrap elementor-element-populated\">\n\t\t\t\t\t\t<div class=\"elementor-element elementor-element-5e2afb1 elementor-widget elementor-widget-heading\" data-id=\"5e2afb1\" data-element_type=\"widget\" data-widget_type=\"heading.default\">\n\t\t\t\t<div class=\"elementor-widget-container\">\n\t\t\t<h2 class=\"elementor-heading-title elementor-size-default\">ETTEV\u00d5TTEST<\/h2>\t\t<\/div>\n\t\t\t\t<\/div>\n\t\t\t\t\t<\/div>\n\t\t<\/div>\n\t\t\t\t\t<\/div>\n\t\t<\/section>\n\t\t\t\t<section class=\"has_ae_slider elementor-section elementor-top-section elementor-element elementor-element-cdd8d13 elementor-section-boxed elementor-section-height-default elementor-section-height-default ae-bg-gallery-type-default\" data-id=\"cdd8d13\" data-element_type=\"section\">\n\t\t\t\t\t\t<div class=\"elementor-container elementor-column-gap-default\">\n\t\t\t\t\t<div class=\"has_ae_slider elementor-column elementor-col-50 elementor-top-column elementor-element elementor-element-75cf547 ae-bg-gallery-type-default\" data-id=\"75cf547\" data-element_type=\"column\">\n\t\t\t<div class=\"elementor-widget-wrap elementor-element-populated\">\n\t\t\t\t\t\t<div class=\"elementor-element elementor-element-d767c27 elementor-widget elementor-widget-text-editor\" data-id=\"d767c27\" data-element_type=\"widget\" data-widget_type=\"text-editor.default\">\n\t\t\t\t<div class=\"elementor-widget-container\">\n\t\t\t\t\t\t\t<h3><span style=\"color: #be192a;\">O\u00dc Henka CT<\/span><\/h3><p>Meie kaubavalikus on esindatud k\u00f5rgkvaliteedilised innovaatilised gaasit\u00f6\u00f6riistad, gaasigrillid, gaasisoojendajad, muud soojendusseadmed, matkapliidid ning matkatarbed, v\u00e4lim\u00f6\u00f6bel, restoranide tarvikud jpm. Lisaks saame aidata varuosade leidmisega nagu n\u00e4iteks gaasigrilli p\u00f5letid, restid, leegijagajad jpm.<\/p><p>Tooted on saadaval meie edasim\u00fc\u00fcjate kaubavalikus v\u00f5i siis meie <em>showroom<\/em>\u2019is v\u00f5i e-poes.<\/p><p><img fetchpriority=\"high\" decoding=\"async\" class=\"alignnone wp-image-6291 size-full\" src=\"https:\/\/henka.ee\/wp-content\/uploads\/2019\/04\/henka_logo_uus.png\" alt=\"\" width=\"667\" height=\"254\" srcset=\"https:\/\/old.henka.ee\/wp-content\/uploads\/2019\/04\/henka_logo_uus.png 667w, https:\/\/old.henka.ee\/wp-content\/uploads\/2019\/04\/henka_logo_uus-300x114.png 300w, https:\/\/old.henka.ee\/wp-content\/uploads\/2019\/04\/henka_logo_uus-600x228.png 600w\" sizes=\"(max-width: 667px) 100vw, 667px\" \/><\/p>\t\t\t\t\t\t<\/div>\n\t\t\t\t<\/div>\n\t\t\t\t\t<\/div>\n\t\t<\/div>\n\t\t\t\t<div class=\"has_ae_slider elementor-column elementor-col-50 elementor-top-column elementor-element elementor-element-23b1f28 ae-bg-gallery-type-default\" data-id=\"23b1f28\" data-element_type=\"column\">\n\t\t\t<div class=\"elementor-widget-wrap elementor-element-populated\">\n\t\t\t\t\t\t<div class=\"elementor-element elementor-element-d69aa79 elementor-widget elementor-widget-text-editor\" data-id=\"d69aa79\" data-element_type=\"widget\" data-widget_type=\"text-editor.default\">\n\t\t\t\t<div class=\"elementor-widget-container\">\n\t\t\t\t\t\t\t<p>Osa\u00fching Henka CT on traditsioonidega ettev\u00f5te, mis alates aastast 2001 esindab Eestis ja baltiriikides paljusid omas valdkonnas rahvusvaheliselt tuntud ning k\u00f5rgelt hinnatud kaubam\u00e4rke<strong>:<\/strong><\/p><p><strong>Primus<\/strong> matkatooted, kelle maailmakuulsad pliidid on olnud oluliseks osaks seiklejate varustuses vallutades k\u00f5rgeimaid m\u00e4etippe ja maailma erinevaid otsi juba \u00fcle 100 aasta.<\/p><p><strong>Sievert<\/strong> k\u00f5rgkvaliteedilised gaasit\u00f6\u00f6riistad. Rootsi disain ning kvaliteet aastast 1882. Sievert t\u00f6\u00f6riistadega teevad t\u00f6\u00f6d oma ala tippspetsialistid alates katuseehitajatest l\u00f5petades kullasseppadega.<\/p><p><strong>Kemper<\/strong> k\u00f5rgkvaliteedilised gaasit\u00f6\u00f6riistad. Itaalia tippbr\u00e4nd, mille valikus leidub lisaks t\u00f6\u00f6riistadele ka malmist gaasipliite kui ka matkajale sobivaid pliite ja muid tooteid.<\/p><p><strong>CF Parker <\/strong>pliidid matkajatele, kodu- ja professionaalseks kasutuseks ning jahtidele, kaatritele ja merendusotstarbeks. Itaalia kvaliteet ning \u00fcle 60 aasta kogemust.<\/p><p><strong>OutdoorChef<\/strong> tippkvaliteediga gaasigrillid, s\u00f6egrillid, elektrilised grillid ning tarvikud \u0160veitsist.<\/p><p><strong>Paella<\/strong>\u00a0<strong>World<\/strong> <em>paella<\/em>-pannid, p\u00f5letid ja tarvikud ning muud kaubad Saksamaalt.<\/p><p><strong>Rebel<\/strong> gaasigrillid ning tarvikud Soomest.<\/p><p><strong>EMU<\/strong> aiam\u00f6\u00f6bel, v\u00e4lim\u00f6\u00f6bel ning muud komponendid. \u00dcle 60 aasta Itaalia disaini ja kvaliteeti.<\/p>\t\t\t\t\t\t<\/div>\n\t\t\t\t<\/div>\n\t\t\t\t\t<\/div>\n\t\t<\/div>\n\t\t\t\t\t<\/div>\n\t\t<\/section>\n\t\t\t\t<section class=\"has_ae_slider elementor-section elementor-top-section elementor-element elementor-element-c2c8f71 elementor-section-boxed elementor-section-height-default elementor-section-height-default ae-bg-gallery-type-default\" data-id=\"c2c8f71\" data-element_type=\"section\">\n\t\t\t\t\t\t<div class=\"elementor-container elementor-column-gap-default\">\n\t\t\t\t\t<div class=\"has_ae_slider elementor-column elementor-col-20 elementor-top-column elementor-element elementor-element-b21ec01 ae-bg-gallery-type-default\" data-id=\"b21ec01\" data-element_type=\"column\">\n\t\t\t<div class=\"elementor-widget-wrap\">\n\t\t\t\t\t\t\t<\/div>\n\t\t<\/div>\n\t\t\t\t<div class=\"has_ae_slider elementor-column elementor-col-20 elementor-top-column elementor-element elementor-element-d0d1823 ae-bg-gallery-type-default\" data-id=\"d0d1823\" data-element_type=\"column\">\n\t\t\t<div class=\"elementor-widget-wrap elementor-element-populated\">\n\t\t\t\t\t\t<div class=\"elementor-element elementor-element-eeb81c3 elementor-align-center elementor-widget elementor-widget-button\" data-id=\"eeb81c3\" data-element_type=\"widget\" data-widget_type=\"button.default\">\n\t\t\t\t<div class=\"elementor-widget-container\">\n\t\t\t\t\t<div class=\"elementor-button-wrapper\">\n\t\t\t<a class=\"elementor-button elementor-button-link elementor-size-sm\" href=\"https:\/\/henka.ee\/uudised-ja-teate\/\">\n\t\t\t\t\t\t<span class=\"elementor-button-content-wrapper\">\n\t\t\t\t\t\t\t\t\t<span class=\"elementor-button-text\">Uudised<\/span>\n\t\t\t\t\t<\/span>\n\t\t\t\t\t<\/a>\n\t\t<\/div>\n\t\t\t\t<\/div>\n\t\t\t\t<\/div>\n\t\t\t\t\t<\/div>\n\t\t<\/div>\n\t\t\t\t<div class=\"has_ae_slider elementor-column elementor-col-20 elementor-top-column elementor-element elementor-element-af37659 ae-bg-gallery-type-default\" data-id=\"af37659\" data-element_type=\"column\">\n\t\t\t<div class=\"elementor-widget-wrap elementor-element-populated\">\n\t\t\t\t\t\t<div class=\"elementor-element elementor-element-0e8373e elementor-align-center elementor-widget elementor-widget-button\" data-id=\"0e8373e\" data-element_type=\"widget\" data-widget_type=\"button.default\">\n\t\t\t\t<div class=\"elementor-widget-container\">\n\t\t\t\t\t<div class=\"elementor-button-wrapper\">\n\t\t\t<a class=\"elementor-button elementor-button-link elementor-size-sm\" href=\"https:\/\/henka.ee\/edasimuujad\/\">\n\t\t\t\t\t\t<span class=\"elementor-button-content-wrapper\">\n\t\t\t\t\t\t\t\t\t<span class=\"elementor-button-text\">Edasim\u00fc\u00fcjad<\/span>\n\t\t\t\t\t<\/span>\n\t\t\t\t\t<\/a>\n\t\t<\/div>\n\t\t\t\t<\/div>\n\t\t\t\t<\/div>\n\t\t\t\t\t<\/div>\n\t\t<\/div>\n\t\t\t\t<div class=\"has_ae_slider elementor-column elementor-col-20 elementor-top-column elementor-element elementor-element-7b2e860 ae-bg-gallery-type-default\" data-id=\"7b2e860\" data-element_type=\"column\">\n\t\t\t<div class=\"elementor-widget-wrap elementor-element-populated\">\n\t\t\t\t\t\t<div class=\"elementor-element elementor-element-9e94990 elementor-align-center elementor-widget elementor-widget-button\" data-id=\"9e94990\" data-element_type=\"widget\" data-widget_type=\"button.default\">\n\t\t\t\t<div class=\"elementor-widget-container\">\n\t\t\t\t\t<div class=\"elementor-button-wrapper\">\n\t\t\t<a class=\"elementor-button elementor-button-link elementor-size-sm\" href=\"https:\/\/henka.ee\/tingimused\/\">\n\t\t\t\t\t\t<span class=\"elementor-button-content-wrapper\">\n\t\t\t\t\t\t\t\t\t<span class=\"elementor-button-text\">Tingimused<\/span>\n\t\t\t\t\t<\/span>\n\t\t\t\t\t<\/a>\n\t\t<\/div>\n\t\t\t\t<\/div>\n\t\t\t\t<\/div>\n\t\t\t\t\t<\/div>\n\t\t<\/div>\n\t\t\t\t<div class=\"has_ae_slider elementor-column elementor-col-20 elementor-top-column elementor-element elementor-element-361cb1c ae-bg-gallery-type-default\" data-id=\"361cb1c\" data-element_type=\"column\">\n\t\t\t<div class=\"elementor-widget-wrap\">\n\t\t\t\t\t\t\t<\/div>\n\t\t<\/div>\n\t\t\t\t\t<\/div>\n\t\t<\/section>\n\t\t\t\t<section class=\"has_ae_slider elementor-section elementor-top-section elementor-element elementor-element-6ac84170 elementor-section-boxed elementor-section-height-default elementor-section-height-default ae-bg-gallery-type-default\" data-id=\"6ac84170\" data-element_type=\"section\">\n\t\t\t\t\t\t<div class=\"elementor-container elementor-column-gap-default\">\n\t\t\t\t\t<div class=\"has_ae_slider elementor-column elementor-col-100 elementor-top-column elementor-element elementor-element-1299cfd9 ae-bg-gallery-type-default\" data-id=\"1299cfd9\" data-element_type=\"column\">\n\t\t\t<div class=\"elementor-widget-wrap elementor-element-populated\">\n\t\t\t\t\t\t<div class=\"elementor-element elementor-element-273455e0 elementor-widget elementor-widget-heading\" data-id=\"273455e0\" data-element_type=\"widget\" data-widget_type=\"heading.default\">\n\t\t\t\t<div class=\"elementor-widget-container\">\n\t\t\t<h2 class=\"elementor-heading-title elementor-size-default\">MEIE PARTNERID<\/h2>\t\t<\/div>\n\t\t\t\t<\/div>\n\t\t\t\t\t<\/div>\n\t\t<\/div>\n\t\t\t\t\t<\/div>\n\t\t<\/section>\n\t\t\t\t<section class=\"has_ae_slider elementor-section elementor-top-section elementor-element elementor-element-6c4dad1a elementor-section-boxed elementor-section-height-default elementor-section-height-default ae-bg-gallery-type-default\" data-id=\"6c4dad1a\" data-element_type=\"section\">\n\t\t\t\t\t\t<div class=\"elementor-container elementor-column-gap-default\">\n\t\t\t\t\t<div class=\"has_ae_slider elementor-column elementor-col-100 elementor-top-column elementor-element elementor-element-2c69d633 ae-bg-gallery-type-default\" data-id=\"2c69d633\" data-element_type=\"column\">\n\t\t\t<div class=\"elementor-widget-wrap elementor-element-populated\">\n\t\t\t\t\t\t<div class=\"elementor-element elementor-element-67674e99 elementor-skin-carousel elementor-arrows-yes elementor-pagination-type-bullets elementor-pagination-position-outside elementor-widget elementor-widget-media-carousel\" data-id=\"67674e99\" data-element_type=\"widget\" data-settings=\"{&quot;slides_per_view&quot;:&quot;5&quot;,&quot;space_between&quot;:{&quot;unit&quot;:&quot;px&quot;,&quot;size&quot;:30,&quot;sizes&quot;:[]},&quot;skin&quot;:&quot;carousel&quot;,&quot;effect&quot;:&quot;slide&quot;,&quot;show_arrows&quot;:&quot;yes&quot;,&quot;pagination&quot;:&quot;bullets&quot;,&quot;speed&quot;:500,&quot;autoplay&quot;:&quot;yes&quot;,&quot;autoplay_speed&quot;:5000,&quot;loop&quot;:&quot;yes&quot;,&quot;pause_on_hover&quot;:&quot;yes&quot;,&quot;pause_on_interaction&quot;:&quot;yes&quot;,&quot;space_between_tablet&quot;:{&quot;unit&quot;:&quot;px&quot;,&quot;size&quot;:10,&quot;sizes&quot;:[]},&quot;space_between_mobile&quot;:{&quot;unit&quot;:&quot;px&quot;,&quot;size&quot;:10,&quot;sizes&quot;:[]}}\" data-widget_type=\"media-carousel.default\">\n\t\t\t\t<div class=\"elementor-widget-container\">\n\t\t\t\t\t<div class=\"elementor-swiper\">\n\t\t\t<div class=\"elementor-main-swiper swiper\">\n\t\t\t\t<div class=\"swiper-wrapper\">\n\t\t\t\t\t\t\t\t\t\t\t<div class=\"swiper-slide\">\n\t\t\t\t\t\t\t<a href=\"https:\/\/www.primus.se\/\" target=\"_blank\">\t\t<div class=\"elementor-carousel-image lazyload\" role=\"img\" aria-label=\"primus_logo\" style=\"background-image:inherit\" data-bg-image=\"url(&#039;https:\/\/old.henka.ee\/wp-content\/uploads\/elementor\/thumbs\/primus_logo-qn9um1us5o89vtzoyv0htuhq1w9xmjpzz0ii1j52x0.png&#039;)\">\n\n\t\t\t\n\t\t\t\t\t<\/div>\n\t\t<\/a>\t\t\t\t\t\t<\/div>\n\t\t\t\t\t\t\t\t\t\t\t<div class=\"swiper-slide\">\n\t\t\t\t\t\t\t<a href=\"https:\/\/www.emu.it\/\" target=\"_blank\">\t\t<div class=\"elementor-carousel-image lazyload\" role=\"img\" aria-label=\"emu_logo\" style=\"background-image:inherit\" data-bg-image=\"url(&#039;https:\/\/old.henka.ee\/wp-content\/uploads\/elementor\/thumbs\/emu_logo-qn9um1us5o89vtzoyv0htuhq1w9xmjpzz0ii1j52x0.png&#039;)\">\n\n\t\t\t\n\t\t\t\t\t<\/div>\n\t\t<\/a>\t\t\t\t\t\t<\/div>\n\t\t\t\t\t\t\t\t\t\t\t<div class=\"swiper-slide\">\n\t\t\t\t\t\t\t<a href=\"https:\/\/www.cfparker.com\/\" target=\"_blank\">\t\t<div class=\"elementor-carousel-image lazyload\" role=\"img\" aria-label=\"parker_logo\" style=\"background-image:inherit\" data-bg-image=\"url(&#039;https:\/\/old.henka.ee\/wp-content\/uploads\/elementor\/thumbs\/parker_logo-qn9um2smci9k7fybtdf4ec96na5au8tqb55zit3oqs.png&#039;)\">\n\n\t\t\t\n\t\t\t\t\t<\/div>\n\t\t<\/a>\t\t\t\t\t\t<\/div>\n\t\t\t\t\t\t\t\t\t\t\t<div class=\"swiper-slide\">\n\t\t\t\t\t\t\t<a href=\"http:\/\/www.finnflame.fi\/\" target=\"_blank\">\t\t<div class=\"elementor-carousel-image lazyload\" role=\"img\" aria-label=\"futur_logo\" style=\"background-image:inherit\" data-bg-image=\"url(&#039;https:\/\/old.henka.ee\/wp-content\/uploads\/elementor\/thumbs\/futur_logo-qn9um1us5o89vtzoyv0htuhq1w9xmjpzz0ii1j52x0.png&#039;)\">\n\n\t\t\t\n\t\t\t\t\t<\/div>\n\t\t<\/a>\t\t\t\t\t\t<\/div>\n\t\t\t\t\t\t\t\t\t\t\t<div class=\"swiper-slide\">\n\t\t\t\t\t\t\t<a href=\"https:\/\/www.kempergroup.it\/\" target=\"_blank\">\t\t<div class=\"elementor-carousel-image lazyload\" role=\"img\" aria-label=\"kemper_logo\" style=\"background-image:inherit\" data-bg-image=\"url(&#039;https:\/\/old.henka.ee\/wp-content\/uploads\/elementor\/thumbs\/kemper_logo-qn9um1us5o89vtzoyv0htuhq1w9xmjpzz0ii1j52x0.png&#039;)\">\n\n\t\t\t\n\t\t\t\t\t<\/div>\n\t\t<\/a>\t\t\t\t\t\t<\/div>\n\t\t\t\t\t\t\t\t\t<\/div>\n\t\t\t\t\t\t\t\t\t\t\t\t\t\t\t<div class=\"swiper-pagination\"><\/div>\n\t\t\t\t\t\t\t\t\t\t\t\t\t\t\t\t<div class=\"elementor-swiper-button elementor-swiper-button-prev\" role=\"button\" tabindex=\"0\">\n\t\t\t\t\t\t\t<i aria-hidden=\"true\" class=\"eicon-chevron-left\"><\/i>\t\t\t\t\t\t\t<span class=\"elementor-screen-only\">Previous<\/span>\n\t\t\t\t\t\t<\/div>\n\t\t\t\t\t\t<div class=\"elementor-swiper-button elementor-swiper-button-next\" role=\"button\" tabindex=\"0\">\n\t\t\t\t\t\t\t<i aria-hidden=\"true\" class=\"eicon-chevron-right\"><\/i>\t\t\t\t\t\t\t<span class=\"elementor-screen-only\">Next<\/span>\n\t\t\t\t\t\t<\/div>\n\t\t\t\t\t\t\t\t\t\t\t\t<\/div>\n\t\t<\/div>\n\t\t\t\t<\/div>\n\t\t\t\t<\/div>\n\t\t\t\t\t<\/div>\n\t\t<\/div>\n\t\t\t\t\t<\/div>\n\t\t<\/section>\n\t\t\t\t<\/div>\n\t\t","protected":false},"excerpt":{"rendered":"<p>ETTEV\u00d5TTEST O\u00dc Henka CT Meie kaubavalikus on esindatud k\u00f5rgkvaliteedilised innovaatilised gaasit\u00f6\u00f6riistad, gaasigrillid, gaasisoojendajad, muud soojendusseadmed, matkapliidid ning matkatarbed, v\u00e4lim\u00f6\u00f6bel, restoranide tarvikud jpm. Lisaks saame aidata varuosade leidmisega nagu n\u00e4iteks gaasigrilli p\u00f5letid, restid, leegijagajad jpm. Tooted on saadaval meie edasim\u00fc\u00fcjate kaubavalikus v\u00f5i siis meie showroom\u2019is v\u00f5i e-poes. Osa\u00fching Henka CT on traditsioonidega ettev\u00f5te, mis alates aastast [&hellip;]<\/p>\n","protected":false},"author":3,"featured_media":0,"parent":0,"menu_order":0,"comment_status":"closed","ping_status":"closed","template":"elementor_header_footer","meta":{"ocean_post_layout":"","ocean_both_sidebars_style":"","ocean_both_sidebars_content_width":0,"ocean_both_sidebars_sidebars_width":0,"ocean_sidebar":"0","ocean_second_sidebar":"0","ocean_disable_margins":"enable","ocean_add_body_class":"","ocean_shortcode_before_top_bar":"","ocean_shortcode_after_top_bar":"","ocean_shortcode_before_header":"","ocean_shortcode_after_header":"","ocean_has_shortcode":"","ocean_shortcode_after_title":"","ocean_shortcode_before_footer_widgets":"","ocean_shortcode_after_footer_widgets":"","ocean_shortcode_before_footer_bottom":"","ocean_shortcode_after_footer_bottom":"","ocean_display_top_bar":"default","ocean_display_header":"default","ocean_header_style":"","ocean_center_header_left_menu":"0","ocean_custom_header_template":"0","ocean_custom_logo":0,"ocean_custom_retina_logo":0,"ocean_custom_logo_max_width":0,"ocean_custom_logo_tablet_max_width":0,"ocean_custom_logo_mobile_max_width":0,"ocean_custom_logo_max_height":0,"ocean_custom_logo_tablet_max_height":0,"ocean_custom_logo_mobile_max_height":0,"ocean_header_custom_menu":"0","ocean_menu_typo_font_family":"0","ocean_menu_typo_font_subset":"","ocean_menu_typo_font_size":0,"ocean_menu_typo_font_size_tablet":0,"ocean_menu_typo_font_size_mobile":0,"ocean_menu_typo_font_size_unit":"px","ocean_menu_typo_font_weight":"","ocean_menu_typo_font_weight_tablet":"","ocean_menu_typo_font_weight_mobile":"","ocean_menu_typo_transform":"","ocean_menu_typo_transform_tablet":"","ocean_menu_typo_transform_mobile":"","ocean_menu_typo_line_height":0,"ocean_menu_typo_line_height_tablet":0,"ocean_menu_typo_line_height_mobile":0,"ocean_menu_typo_line_height_unit":"","ocean_menu_typo_spacing":0,"ocean_menu_typo_spacing_tablet":0,"ocean_menu_typo_spacing_mobile":0,"ocean_menu_typo_spacing_unit":"","ocean_menu_link_color":"","ocean_menu_link_color_hover":"","ocean_menu_link_color_active":"","ocean_menu_link_background":"","ocean_menu_link_hover_background":"","ocean_menu_link_active_background":"","ocean_menu_social_links_bg":"","ocean_menu_social_hover_links_bg":"","ocean_menu_social_links_color":"","ocean_menu_social_hover_links_color":"","ocean_disable_title":"on","ocean_disable_heading":"default","ocean_post_title":"","ocean_post_subheading":"","ocean_post_title_style":"","ocean_post_title_background_color":"","ocean_post_title_background":0,"ocean_post_title_bg_image_position":"","ocean_post_title_bg_image_attachment":"","ocean_post_title_bg_image_repeat":"","ocean_post_title_bg_image_size":"","ocean_post_title_height":0,"ocean_post_title_bg_overlay":0.5,"ocean_post_title_bg_overlay_color":"","ocean_disable_breadcrumbs":"off","ocean_breadcrumbs_color":"","ocean_breadcrumbs_separator_color":"","ocean_breadcrumbs_links_color":"","ocean_breadcrumbs_links_hover_color":"","ocean_display_footer_widgets":"default","ocean_display_footer_bottom":"default","ocean_custom_footer_template":"0","footnotes":""},"class_list":["post-8924","page","type-page","status-publish","hentry","entry","owp-thumbs-layout-horizontal","owp-btn-normal","owp-tabs-layout-horizontal","has-no-thumbnails","has-product-nav"],"yoast_head":"<!-- This site is optimized with the Yoast SEO plugin v26.6 - https:\/\/yoast.com\/wordpress\/plugins\/seo\/ -->\n<title>Ettev\u00f5ttest - Henka<\/title>\n<meta name=\"robots\" content=\"index, follow, max-snippet:-1, max-image-preview:large, max-video-preview:-1\" \/>\n<link rel=\"canonical\" href=\"https:\/\/old.henka.ee\/en\/ettevottest\/\" \/>\n<meta property=\"og:locale\" content=\"en_US\" \/>\n<meta property=\"og:type\" content=\"article\" \/>\n<meta property=\"og:title\" content=\"Ettev\u00f5ttest - Henka\" \/>\n<meta property=\"og:description\" content=\"ETTEV\u00d5TTEST O\u00dc Henka CT Meie kaubavalikus on esindatud k\u00f5rgkvaliteedilised innovaatilised gaasit\u00f6\u00f6riistad, gaasigrillid, gaasisoojendajad, muud soojendusseadmed, matkapliidid ning matkatarbed, v\u00e4lim\u00f6\u00f6bel, restoranide tarvikud jpm. Lisaks saame aidata varuosade leidmisega nagu n\u00e4iteks gaasigrilli p\u00f5letid, restid, leegijagajad jpm. Tooted on saadaval meie edasim\u00fc\u00fcjate kaubavalikus v\u00f5i siis meie showroom\u2019is v\u00f5i e-poes. Osa\u00fching Henka CT on traditsioonidega ettev\u00f5te, mis alates aastast [&hellip;]\" \/>\n<meta property=\"og:url\" content=\"https:\/\/old.henka.ee\/en\/ettevottest\/\" \/>\n<meta property=\"og:site_name\" content=\"Henka\" \/>\n<meta property=\"article:modified_time\" content=\"2020-12-30T08:31:27+00:00\" \/>\n<meta property=\"og:image\" content=\"https:\/\/henka.ee\/wp-content\/uploads\/2019\/04\/henka_logo_uus.png\" \/>\n<meta name=\"twitter:card\" content=\"summary_large_image\" \/>\n<meta name=\"twitter:label1\" content=\"Est. reading time\" \/>\n\t<meta name=\"twitter:data1\" content=\"1 minute\" \/>\n<script type=\"application\/ld+json\" class=\"yoast-schema-graph\">{\"@context\":\"https:\/\/schema.org\",\"@graph\":[{\"@type\":\"WebPage\",\"@id\":\"https:\/\/old.henka.ee\/en\/ettevottest\/\",\"url\":\"https:\/\/old.henka.ee\/en\/ettevottest\/\",\"name\":\"Ettev\u00f5ttest - Henka\",\"isPartOf\":{\"@id\":\"https:\/\/old.henka.ee\/#website\"},\"primaryImageOfPage\":{\"@id\":\"https:\/\/old.henka.ee\/en\/ettevottest\/#primaryimage\"},\"image\":{\"@id\":\"https:\/\/old.henka.ee\/en\/ettevottest\/#primaryimage\"},\"thumbnailUrl\":\"https:\/\/henka.ee\/wp-content\/uploads\/2019\/04\/henka_logo_uus.png\",\"datePublished\":\"2019-04-07T09:56:59+00:00\",\"dateModified\":\"2020-12-30T08:31:27+00:00\",\"breadcrumb\":{\"@id\":\"https:\/\/old.henka.ee\/en\/ettevottest\/#breadcrumb\"},\"inLanguage\":\"en-US\",\"potentialAction\":[{\"@type\":\"ReadAction\",\"target\":[\"https:\/\/old.henka.ee\/en\/ettevottest\/\"]}]},{\"@type\":\"ImageObject\",\"inLanguage\":\"en-US\",\"@id\":\"https:\/\/old.henka.ee\/en\/ettevottest\/#primaryimage\",\"url\":\"https:\/\/henka.ee\/wp-content\/uploads\/2019\/04\/henka_logo_uus.png\",\"contentUrl\":\"https:\/\/henka.ee\/wp-content\/uploads\/2019\/04\/henka_logo_uus.png\"},{\"@type\":\"BreadcrumbList\",\"@id\":\"https:\/\/old.henka.ee\/en\/ettevottest\/#breadcrumb\",\"itemListElement\":[{\"@type\":\"ListItem\",\"position\":1,\"name\":\"Home\",\"item\":\"https:\/\/old.henka.ee\/en\/\"},{\"@type\":\"ListItem\",\"position\":2,\"name\":\"Ettev\u00f5ttest\"}]},{\"@type\":\"WebSite\",\"@id\":\"https:\/\/old.henka.ee\/#website\",\"url\":\"https:\/\/old.henka.ee\/\",\"name\":\"Henka\",\"description\":\"Matkatarbed\",\"potentialAction\":[{\"@type\":\"SearchAction\",\"target\":{\"@type\":\"EntryPoint\",\"urlTemplate\":\"https:\/\/old.henka.ee\/?s={search_term_string}\"},\"query-input\":{\"@type\":\"PropertyValueSpecification\",\"valueRequired\":true,\"valueName\":\"search_term_string\"}}],\"inLanguage\":\"en-US\"}]}<\/script>\n<!-- \/ Yoast SEO plugin. -->","yoast_head_json":{"title":"Ettev\u00f5ttest - Henka","robots":{"index":"index","follow":"follow","max-snippet":"max-snippet:-1","max-image-preview":"max-image-preview:large","max-video-preview":"max-video-preview:-1"},"canonical":"https:\/\/old.henka.ee\/en\/ettevottest\/","og_locale":"en_US","og_type":"article","og_title":"Ettev\u00f5ttest - Henka","og_description":"ETTEV\u00d5TTEST O\u00dc Henka CT Meie kaubavalikus on esindatud k\u00f5rgkvaliteedilised innovaatilised gaasit\u00f6\u00f6riistad, gaasigrillid, gaasisoojendajad, muud soojendusseadmed, matkapliidid ning matkatarbed, v\u00e4lim\u00f6\u00f6bel, restoranide tarvikud jpm. Lisaks saame aidata varuosade leidmisega nagu n\u00e4iteks gaasigrilli p\u00f5letid, restid, leegijagajad jpm. Tooted on saadaval meie edasim\u00fc\u00fcjate kaubavalikus v\u00f5i siis meie showroom\u2019is v\u00f5i e-poes. Osa\u00fching Henka CT on traditsioonidega ettev\u00f5te, mis alates aastast [&hellip;]","og_url":"https:\/\/old.henka.ee\/en\/ettevottest\/","og_site_name":"Henka","article_modified_time":"2020-12-30T08:31:27+00:00","og_image":[{"url":"https:\/\/henka.ee\/wp-content\/uploads\/2019\/04\/henka_logo_uus.png","type":"","width":"","height":""}],"twitter_card":"summary_large_image","twitter_misc":{"Est. reading time":"1 minute"},"schema":{"@context":"https:\/\/schema.org","@graph":[{"@type":"WebPage","@id":"https:\/\/old.henka.ee\/en\/ettevottest\/","url":"https:\/\/old.henka.ee\/en\/ettevottest\/","name":"Ettev\u00f5ttest - Henka","isPartOf":{"@id":"https:\/\/old.henka.ee\/#website"},"primaryImageOfPage":{"@id":"https:\/\/old.henka.ee\/en\/ettevottest\/#primaryimage"},"image":{"@id":"https:\/\/old.henka.ee\/en\/ettevottest\/#primaryimage"},"thumbnailUrl":"https:\/\/henka.ee\/wp-content\/uploads\/2019\/04\/henka_logo_uus.png","datePublished":"2019-04-07T09:56:59+00:00","dateModified":"2020-12-30T08:31:27+00:00","breadcrumb":{"@id":"https:\/\/old.henka.ee\/en\/ettevottest\/#breadcrumb"},"inLanguage":"en-US","potentialAction":[{"@type":"ReadAction","target":["https:\/\/old.henka.ee\/en\/ettevottest\/"]}]},{"@type":"ImageObject","inLanguage":"en-US","@id":"https:\/\/old.henka.ee\/en\/ettevottest\/#primaryimage","url":"https:\/\/henka.ee\/wp-content\/uploads\/2019\/04\/henka_logo_uus.png","contentUrl":"https:\/\/henka.ee\/wp-content\/uploads\/2019\/04\/henka_logo_uus.png"},{"@type":"BreadcrumbList","@id":"https:\/\/old.henka.ee\/en\/ettevottest\/#breadcrumb","itemListElement":[{"@type":"ListItem","position":1,"name":"Home","item":"https:\/\/old.henka.ee\/en\/"},{"@type":"ListItem","position":2,"name":"Ettev\u00f5ttest"}]},{"@type":"WebSite","@id":"https:\/\/old.henka.ee\/#website","url":"https:\/\/old.henka.ee\/","name":"Henka","description":"Matkatarbed","potentialAction":[{"@type":"SearchAction","target":{"@type":"EntryPoint","urlTemplate":"https:\/\/old.henka.ee\/?s={search_term_string}"},"query-input":{"@type":"PropertyValueSpecification","valueRequired":true,"valueName":"search_term_string"}}],"inLanguage":"en-US"}]}},"_links":{"self":[{"href":"https:\/\/old.henka.ee\/en\/wp-json\/wp\/v2\/pages\/8924","targetHints":{"allow":["GET"]}}],"collection":[{"href":"https:\/\/old.henka.ee\/en\/wp-json\/wp\/v2\/pages"}],"about":[{"href":"https:\/\/old.henka.ee\/en\/wp-json\/wp\/v2\/types\/page"}],"author":[{"embeddable":true,"href":"https:\/\/old.henka.ee\/en\/wp-json\/wp\/v2\/users\/3"}],"replies":[{"embeddable":true,"href":"https:\/\/old.henka.ee\/en\/wp-json\/wp\/v2\/comments?post=8924"}],"version-history":[{"count":12,"href":"https:\/\/old.henka.ee\/en\/wp-json\/wp\/v2\/pages\/8924\/revisions"}],"predecessor-version":[{"id":9281,"href":"https:\/\/old.henka.ee\/en\/wp-json\/wp\/v2\/pages\/8924\/revisions\/9281"}],"wp:attachment":[{"href":"https:\/\/old.henka.ee\/en\/wp-json\/wp\/v2\/media?parent=8924"}],"curies":[{"name":"wp","href":"https:\/\/api.w.org\/{rel}","templated":true}]}}