{"id":9540,"date":"2019-04-07T13:27:07","date_gmt":"2019-04-07T10:27:07","guid":{"rendered":"https:\/\/henka.ee\/?page_id=9540"},"modified":"2020-12-30T10:30:27","modified_gmt":"2020-12-30T08:30:27","slug":"tingimused","status":"publish","type":"page","link":"https:\/\/old.henka.ee\/en\/tingimused\/","title":{"rendered":"Tingimused"},"content":{"rendered":"\t\t<div data-elementor-type=\"wp-post\" data-elementor-id=\"9540\" class=\"elementor elementor-9540 elementor-6351\" data-elementor-post-type=\"page\">\n\t\t\t\t\t\t<section class=\"has_ae_slider elementor-section elementor-top-section elementor-element elementor-element-5d5a3f3c elementor-section-boxed elementor-section-height-default elementor-section-height-default ae-bg-gallery-type-default\" data-id=\"5d5a3f3c\" data-element_type=\"section\">\n\t\t\t\t\t\t<div class=\"elementor-container elementor-column-gap-default\">\n\t\t\t\t\t<div class=\"has_ae_slider elementor-column elementor-col-100 elementor-top-column elementor-element elementor-element-12f72aea ae-bg-gallery-type-default\" data-id=\"12f72aea\" data-element_type=\"column\">\n\t\t\t<div class=\"elementor-widget-wrap elementor-element-populated\">\n\t\t\t\t\t\t<div class=\"elementor-element elementor-element-6bd56095 elementor-widget elementor-widget-heading\" data-id=\"6bd56095\" data-element_type=\"widget\" data-widget_type=\"heading.default\">\n\t\t\t\t<div class=\"elementor-widget-container\">\n\t\t\t<h2 class=\"elementor-heading-title elementor-size-default\">TINGIMUSED<\/h2>\t\t<\/div>\n\t\t\t\t<\/div>\n\t\t\t\t\t<\/div>\n\t\t<\/div>\n\t\t\t\t\t<\/div>\n\t\t<\/section>\n\t\t\t\t<section class=\"has_ae_slider elementor-section elementor-top-section elementor-element elementor-element-269bf60 elementor-section-boxed elementor-section-height-default elementor-section-height-default ae-bg-gallery-type-default\" data-id=\"269bf60\" data-element_type=\"section\">\n\t\t\t\t\t\t<div class=\"elementor-container elementor-column-gap-default\">\n\t\t\t\t\t<div class=\"has_ae_slider elementor-column elementor-col-100 elementor-top-column elementor-element elementor-element-2585691 ae-bg-gallery-type-default\" data-id=\"2585691\" data-element_type=\"column\">\n\t\t\t<div class=\"elementor-widget-wrap elementor-element-populated\">\n\t\t\t\t\t\t<div class=\"elementor-element elementor-element-9a03073 elementor-widget elementor-widget-text-editor\" data-id=\"9a03073\" data-element_type=\"widget\" data-widget_type=\"text-editor.default\">\n\t\t\t\t<div class=\"elementor-widget-container\">\n\t\t\t\t\t\t\t<p>Teie tellimus t\u00e4idetakse 2-5 t\u00f6\u00f6p\u00e4eva jooksul peale tellimuse\/arve tasumist, kui toote infos ei ole m\u00e4rgitud teisiti. Olukorras, kus tarne ei ole meist mitteolenevatel p\u00f5hjustel v\u00f5imalik 2-5 t\u00f6\u00f6p\u00e4eva jooksul, v\u00f5etakse Teiega probleemide ilmnemisel esimesel v\u00f5imalusel \u00fchendust tellimusel esitatud kontaktandmete alusel.<\/p><p>Privaatsus: Andmed, mida Teilt k\u00fcsitakse ostu sooritamisel, k\u00e4sitletakse konfidentsiaalse infona ja on tagatud Eesti Vabariigis kehtestatud andmekaitseseadusest tulenevalt. Meile usaldatud andmeid ei avaldata kolmandale osapoolele, v\u00e4lja arvatud kauba v\u00e4ljastamiseks ja transpordi korraldamiseks vajaminevad andmed.<\/p><p><span style=\"color: #333333;\"><strong>Kauba tagastus:<\/strong><\/span><\/p><p>Olukorras, kus olete tellinud kauba\/d, mis ei vasta tehniliselt korras oleva toote n\u00f5uetele, on Teil v\u00f5imalus 14 p\u00e4eva (alates kauba k\u00e4ttesaamisest) jooksul tellitud toode tagastada. Peale toote tagastust, kantakse Teile 14 kalendrip\u00e4eva jooksul ostusumma tagasi (k.a. transpordikulul). Kauba tagastuse korral palume Teil meiega kontakti v\u00f5tta e-kirja teel:\u00a0info@henka.ee v\u00f5i helistada\u00a0+372 6109232.<br \/>Eelistatud on taas esitamist v\u00f5imaldav kirjalik vorm.<\/p><p>Kirjas palume m\u00e4rkida:<\/p><ul><li style=\"list-style-type: none;\"><ul><li>tarbija nimi ja kontaktandmed<\/li><\/ul><\/li><\/ul><ul><li style=\"list-style-type: none;\"><ul><li>tagastatav kaup<\/li><\/ul><\/li><\/ul><ul><li style=\"list-style-type: none;\"><ul><li>v\u00f5imalusel palume lisada tellimuse \/ arve number<\/li><\/ul><\/li><\/ul><p>Teeme endast k\u00f5ik oleneva, et kauba tagastus oleks Teile v\u00f5imalikult lihtne. Kauba tagastuse korral on eelistatud tagastuse viis, kus kullerfirma v\u00f5tab tagastatava kauba Teile sobivalt aadressilt peale (nt. kauba tarneaadress). Antud olukorras Teile lisakulutusi kauba tagastusega ei kaasne ja kaup toimetatakse kullerfirma poolt tagasi lattu.<\/p><p>Tagastatav kaup peab olema originaalpakendis. NB! Tarbija v\u00f5ib kaubaga tutvumiseks kasutada seda viisil, mis on v\u00f5imalik kauba olemuses, omadustes ja toimimises veendumiseks. Selleks peab tarbija k\u00e4sitlema ja kasutama toodet\/kaupa \u00fcksnes viisil, nagu see on lubatud tavapoes.<br \/>Tootepakend tuleb avada ettevaatlikult selleks etten\u00e4htud kohalt, seda kahjustamata. Olukorras, kus toode on pakendatud tootja poolt viisil, et selleks puudub avamiseks v\u00f5imalus pakendit kahjustamata, palume avada pakend ettevaatlikult \u2013 antud juhul tarbija ei vastuta rikutud pakendi eest.<\/p><p>Tellitud kaupa ei ole v\u00f5imalik tagastada:<\/p><ul><li style=\"list-style-type: none;\"><ul><li>tooted, mis on valmistatud tellija vajadusi arvestades (eritellimus)<\/li><\/ul><\/li><\/ul><ul><li style=\"list-style-type: none;\"><ul><li>suletud pakendis toode\/kaup, mis ei ole k\u00f5lblik tagastamiseks tervisekaitse v\u00f5i h\u00fcgieenilistel p\u00f5hjustel ning kui see on p\u00e4rast kohale toimetamist avatud.<\/li><\/ul><\/li><\/ul><ul><li style=\"list-style-type: none;\"><ul><li>kaup, mida on tarbija kasutanud viisil, mis kahjustab kauba v\u00e4\u00e4rtust. Nt. matkapliit, mida on kasutatud reaalselt matkates.<\/li><\/ul><\/li><\/ul><p>Tarbija ei saa kaupa tagastada kasutades 14-p\u00e4evast taganemis\u00f5igust peale kauba k\u00e4ttesaamist (n\u00e4iteks t\u00e4htaeg on m\u00f6\u00f6das v\u00f5i ei kohaldata lepingule taganemis\u00f5igust), on tarbijal \u00f5igus esitada pretensioon, kui kaubal on ilmnenud puudus. Tarbijal on seadusest tulenevalt 24 kuud pretensiooni esitamise \u00f5igus alates kauba vastuv\u00f5tmisest. Nt. selgub, et kaup ei vasta Henka.ee e-poes olnud kirjeldusele v\u00f5i tootel ilmneb viga. Antud juhul ei pea tarbija tegema taganemisavaldust 14-p\u00e4eva jooksul, vaid tarbija v\u00f5ib kasutada seadusest tulenevat pretensiooni esitamise \u00f5igust (V\u00d5S 218 lg 2).<\/p><p>Eelistatud on taas esitamist v\u00f5imaldav kirjalik p\u00f6\u00f6rdumine, milles palume tarbijal m\u00e4rkida:<\/p><ul><li style=\"list-style-type: none;\"><ul><li>tarbija nimi ja kontaktandmed<\/li><\/ul><\/li><\/ul><ul><li style=\"list-style-type: none;\"><ul><li>pretensiooni esitamise kuup\u00e4ev<\/li><\/ul><\/li><\/ul><ul><li style=\"list-style-type: none;\"><ul><li>kauba v\u00f5i teenuse puudus<\/li><\/ul><\/li><\/ul><ul><li style=\"list-style-type: none;\"><ul><li>ettev\u00f5tjale esitatav n\u00f5ue<\/li><\/ul><\/li><\/ul><ul><li style=\"list-style-type: none;\"><ul><li>v\u00f5imalusel palume lisada tellimuse \/ arve number<\/li><\/ul><\/li><\/ul><p>Garantiiremonti teostatakse maaletooja v\u00f5i tootja poolt volitatud hooldus- v\u00f5i remondit\u00f6\u00f6kojas.<br \/>Garantiiteenuse aluseks on ostuarve ja saateleht. Olles kaotanud ostuarve palume v\u00f5tta \u00fchendust e-maili teel &#8211;\u00a0info@henka.ee<\/p><p>Garantii ei laiene:<\/p><ul><li style=\"list-style-type: none;\"><ul><li>kuluva iseloomuga osadele, pakendile ja dokumentatsioonile<\/li><\/ul><\/li><\/ul><ul><li style=\"list-style-type: none;\"><ul><li>toote\/seadme mitteotstarbep\u00e4rasel kasutamisel tekkinud kahjustustele<\/li><\/ul><\/li><\/ul><ul><li style=\"list-style-type: none;\"><ul><li>toote\/seadme sattumisel mitten\u00f5uetekohasesse keskkonda<\/li><\/ul><\/li><\/ul><ul><li style=\"list-style-type: none;\"><ul><li>toote\/seadme f\u00fc\u00fcsiliste vigastuste korral, mis on tekkinud tahtmatul v\u00f5i tahtlikul viisil<\/li><\/ul><\/li><\/ul><ul><li style=\"list-style-type: none;\"><ul><li>tootesse\/seadmesse on sattunud tahkeid aineid, vedelikke, k\u00f5rvalisi esemeid, mis ei ole tootja poolt ette n\u00e4htud ja kasutusjuhendis m\u00e4rgitud<\/li><\/ul><\/li><\/ul><ul><li style=\"list-style-type: none;\"><ul><li>toote\/seadme t\u00f6\u00f6s tekkinud t\u00f5rgete ja kasutusk\u00f5lbmatuks muutumise korral, mis on tekkinud elektris\u00fcsteemi vigadest v\u00f5i tootja poolt mitte etten\u00e4htud k\u00fctuse ja m\u00e4\u00e4rdeainete kasutamisest.<\/li><\/ul><\/li><\/ul><p>Ostja on kohustatud tutvuma toote\/seadme kasutusjuhendiga ja j\u00e4lgima kasutusjuhendis toodud n\u00f5udeid ning nende t\u00e4itmist. Kasutusreeglite mittej\u00e4rgimisest tekkinud t\u00f5rgetele toote\/seadme t\u00f6\u00f6s v\u00f5i riknemisele ei laiene tootja poolt pakutav garantii.<br \/>Olukorras, kus tekib kahtlus toote\/seadme defekti garantii alla kuulumine, j\u00e4\u00e4b l\u00f5plik otsustus\u00f5igus seadme tootjale.<\/p><p><span style=\"color: #333333;\"><strong>\u00d5igus garantiile kaotab kehtivuse:<\/strong><\/span><\/p><ul><li style=\"list-style-type: none;\"><ul><li>toode\/seade ei vasta tegelikult saadetud kaubale<\/li><\/ul><\/li><\/ul><ul><li style=\"list-style-type: none;\"><ul><li>tootel on f\u00fc\u00fcsiline kahjustus, mis on tekkinud v\u00f5i on tekitatud kliendi s\u00fc\u00fcl ettevaatamatuse v\u00f5i hooletuse t\u00f5ttu<\/li><\/ul><\/li><\/ul><ul><li style=\"list-style-type: none;\"><ul><li>tootel\/seadmel on rikutud garantiikleebis<\/li><\/ul><\/li><\/ul><ul><li style=\"list-style-type: none;\"><ul><li>toote\/seadme seerianumber on puudu, rikutud v\u00f5i on loetamatu<\/li><\/ul><\/li><\/ul><ul><li style=\"list-style-type: none;\"><ul><li>toote\/seadme garantiiaeg on l\u00e4bi<\/li><\/ul><\/li><\/ul><ul><li style=\"list-style-type: none;\"><ul><li>tootele\/seadmele on lisatud mittekuuluvaid detaile<\/li><\/ul><\/li><\/ul><ul><li style=\"list-style-type: none;\"><ul><li>toodet\/seadet on teenindanud ja\/v\u00f5i remontinud selleks tootja v\u00f5i maaletooja poolt mitte volitatud isik.<\/li><\/ul><\/li><\/ul>\t\t\t\t\t\t<\/div>\n\t\t\t\t<\/div>\n\t\t\t\t\t<\/div>\n\t\t<\/div>\n\t\t\t\t\t<\/div>\n\t\t<\/section>\n\t\t\t\t<\/div>\n\t\t","protected":false},"excerpt":{"rendered":"<p>TINGIMUSED Teie tellimus t\u00e4idetakse 2-5 t\u00f6\u00f6p\u00e4eva jooksul peale tellimuse\/arve tasumist, kui toote infos ei ole m\u00e4rgitud teisiti. Olukorras, kus tarne ei ole meist mitteolenevatel p\u00f5hjustel v\u00f5imalik 2-5 t\u00f6\u00f6p\u00e4eva jooksul, v\u00f5etakse Teiega probleemide ilmnemisel esimesel v\u00f5imalusel \u00fchendust tellimusel esitatud kontaktandmete alusel. Privaatsus: Andmed, mida Teilt k\u00fcsitakse ostu sooritamisel, k\u00e4sitletakse konfidentsiaalse infona ja on tagatud Eesti Vabariigis [&hellip;]<\/p>\n","protected":false},"author":3,"featured_media":0,"parent":0,"menu_order":0,"comment_status":"closed","ping_status":"closed","template":"elementor_header_footer","meta":{"ocean_post_layout":"","ocean_both_sidebars_style":"","ocean_both_sidebars_content_width":0,"ocean_both_sidebars_sidebars_width":0,"ocean_sidebar":"0","ocean_second_sidebar":"0","ocean_disable_margins":"enable","ocean_add_body_class":"","ocean_shortcode_before_top_bar":"","ocean_shortcode_after_top_bar":"","ocean_shortcode_before_header":"","ocean_shortcode_after_header":"","ocean_has_shortcode":"","ocean_shortcode_after_title":"","ocean_shortcode_before_footer_widgets":"","ocean_shortcode_after_footer_widgets":"","ocean_shortcode_before_footer_bottom":"","ocean_shortcode_after_footer_bottom":"","ocean_display_top_bar":"default","ocean_display_header":"default","ocean_header_style":"","ocean_center_header_left_menu":"0","ocean_custom_header_template":"0","ocean_custom_logo":0,"ocean_custom_retina_logo":0,"ocean_custom_logo_max_width":0,"ocean_custom_logo_tablet_max_width":0,"ocean_custom_logo_mobile_max_width":0,"ocean_custom_logo_max_height":0,"ocean_custom_logo_tablet_max_height":0,"ocean_custom_logo_mobile_max_height":0,"ocean_header_custom_menu":"0","ocean_menu_typo_font_family":"0","ocean_menu_typo_font_subset":"","ocean_menu_typo_font_size":0,"ocean_menu_typo_font_size_tablet":0,"ocean_menu_typo_font_size_mobile":0,"ocean_menu_typo_font_size_unit":"px","ocean_menu_typo_font_weight":"","ocean_menu_typo_font_weight_tablet":"","ocean_menu_typo_font_weight_mobile":"","ocean_menu_typo_transform":"","ocean_menu_typo_transform_tablet":"","ocean_menu_typo_transform_mobile":"","ocean_menu_typo_line_height":0,"ocean_menu_typo_line_height_tablet":0,"ocean_menu_typo_line_height_mobile":0,"ocean_menu_typo_line_height_unit":"","ocean_menu_typo_spacing":0,"ocean_menu_typo_spacing_tablet":0,"ocean_menu_typo_spacing_mobile":0,"ocean_menu_typo_spacing_unit":"","ocean_menu_link_color":"","ocean_menu_link_color_hover":"","ocean_menu_link_color_active":"","ocean_menu_link_background":"","ocean_menu_link_hover_background":"","ocean_menu_link_active_background":"","ocean_menu_social_links_bg":"","ocean_menu_social_hover_links_bg":"","ocean_menu_social_links_color":"","ocean_menu_social_hover_links_color":"","ocean_disable_title":"on","ocean_disable_heading":"default","ocean_post_title":"","ocean_post_subheading":"","ocean_post_title_style":"","ocean_post_title_background_color":"","ocean_post_title_background":0,"ocean_post_title_bg_image_position":"","ocean_post_title_bg_image_attachment":"","ocean_post_title_bg_image_repeat":"","ocean_post_title_bg_image_size":"","ocean_post_title_height":0,"ocean_post_title_bg_overlay":0.5,"ocean_post_title_bg_overlay_color":"","ocean_disable_breadcrumbs":"off","ocean_breadcrumbs_color":"","ocean_breadcrumbs_separator_color":"","ocean_breadcrumbs_links_color":"","ocean_breadcrumbs_links_hover_color":"","ocean_display_footer_widgets":"default","ocean_display_footer_bottom":"default","ocean_custom_footer_template":"0","footnotes":""},"class_list":["post-9540","page","type-page","status-publish","hentry","entry","owp-thumbs-layout-horizontal","owp-btn-normal","owp-tabs-layout-horizontal","has-no-thumbnails","has-product-nav"],"yoast_head":"<!-- This site is optimized with the Yoast SEO plugin v26.6 - https:\/\/yoast.com\/wordpress\/plugins\/seo\/ -->\n<title>Tingimused - Henka<\/title>\n<meta name=\"robots\" content=\"index, follow, max-snippet:-1, max-image-preview:large, max-video-preview:-1\" \/>\n<link rel=\"canonical\" href=\"https:\/\/old.henka.ee\/en\/tingimused\/\" \/>\n<meta property=\"og:locale\" content=\"en_US\" \/>\n<meta property=\"og:type\" content=\"article\" \/>\n<meta property=\"og:title\" content=\"Tingimused - Henka\" \/>\n<meta property=\"og:description\" content=\"TINGIMUSED Teie tellimus t\u00e4idetakse 2-5 t\u00f6\u00f6p\u00e4eva jooksul peale tellimuse\/arve tasumist, kui toote infos ei ole m\u00e4rgitud teisiti. Olukorras, kus tarne ei ole meist mitteolenevatel p\u00f5hjustel v\u00f5imalik 2-5 t\u00f6\u00f6p\u00e4eva jooksul, v\u00f5etakse Teiega probleemide ilmnemisel esimesel v\u00f5imalusel \u00fchendust tellimusel esitatud kontaktandmete alusel. Privaatsus: Andmed, mida Teilt k\u00fcsitakse ostu sooritamisel, k\u00e4sitletakse konfidentsiaalse infona ja on tagatud Eesti Vabariigis [&hellip;]\" \/>\n<meta property=\"og:url\" content=\"https:\/\/old.henka.ee\/en\/tingimused\/\" \/>\n<meta property=\"og:site_name\" content=\"Henka\" \/>\n<meta property=\"article:modified_time\" content=\"2020-12-30T08:30:27+00:00\" \/>\n<meta name=\"twitter:card\" content=\"summary_large_image\" \/>\n<meta name=\"twitter:label1\" content=\"Est. reading time\" \/>\n\t<meta name=\"twitter:data1\" content=\"4 minutes\" \/>\n<script type=\"application\/ld+json\" class=\"yoast-schema-graph\">{\"@context\":\"https:\/\/schema.org\",\"@graph\":[{\"@type\":\"WebPage\",\"@id\":\"https:\/\/old.henka.ee\/en\/tingimused\/\",\"url\":\"https:\/\/old.henka.ee\/en\/tingimused\/\",\"name\":\"Tingimused - Henka\",\"isPartOf\":{\"@id\":\"https:\/\/old.henka.ee\/#website\"},\"datePublished\":\"2019-04-07T10:27:07+00:00\",\"dateModified\":\"2020-12-30T08:30:27+00:00\",\"breadcrumb\":{\"@id\":\"https:\/\/old.henka.ee\/en\/tingimused\/#breadcrumb\"},\"inLanguage\":\"en-US\",\"potentialAction\":[{\"@type\":\"ReadAction\",\"target\":[\"https:\/\/old.henka.ee\/en\/tingimused\/\"]}]},{\"@type\":\"BreadcrumbList\",\"@id\":\"https:\/\/old.henka.ee\/en\/tingimused\/#breadcrumb\",\"itemListElement\":[{\"@type\":\"ListItem\",\"position\":1,\"name\":\"Home\",\"item\":\"https:\/\/old.henka.ee\/en\/\"},{\"@type\":\"ListItem\",\"position\":2,\"name\":\"Tingimused\"}]},{\"@type\":\"WebSite\",\"@id\":\"https:\/\/old.henka.ee\/#website\",\"url\":\"https:\/\/old.henka.ee\/\",\"name\":\"Henka\",\"description\":\"Matkatarbed\",\"potentialAction\":[{\"@type\":\"SearchAction\",\"target\":{\"@type\":\"EntryPoint\",\"urlTemplate\":\"https:\/\/old.henka.ee\/?s={search_term_string}\"},\"query-input\":{\"@type\":\"PropertyValueSpecification\",\"valueRequired\":true,\"valueName\":\"search_term_string\"}}],\"inLanguage\":\"en-US\"}]}<\/script>\n<!-- \/ Yoast SEO plugin. -->","yoast_head_json":{"title":"Tingimused - Henka","robots":{"index":"index","follow":"follow","max-snippet":"max-snippet:-1","max-image-preview":"max-image-preview:large","max-video-preview":"max-video-preview:-1"},"canonical":"https:\/\/old.henka.ee\/en\/tingimused\/","og_locale":"en_US","og_type":"article","og_title":"Tingimused - Henka","og_description":"TINGIMUSED Teie tellimus t\u00e4idetakse 2-5 t\u00f6\u00f6p\u00e4eva jooksul peale tellimuse\/arve tasumist, kui toote infos ei ole m\u00e4rgitud teisiti. Olukorras, kus tarne ei ole meist mitteolenevatel p\u00f5hjustel v\u00f5imalik 2-5 t\u00f6\u00f6p\u00e4eva jooksul, v\u00f5etakse Teiega probleemide ilmnemisel esimesel v\u00f5imalusel \u00fchendust tellimusel esitatud kontaktandmete alusel. Privaatsus: Andmed, mida Teilt k\u00fcsitakse ostu sooritamisel, k\u00e4sitletakse konfidentsiaalse infona ja on tagatud Eesti Vabariigis [&hellip;]","og_url":"https:\/\/old.henka.ee\/en\/tingimused\/","og_site_name":"Henka","article_modified_time":"2020-12-30T08:30:27+00:00","twitter_card":"summary_large_image","twitter_misc":{"Est. reading time":"4 minutes"},"schema":{"@context":"https:\/\/schema.org","@graph":[{"@type":"WebPage","@id":"https:\/\/old.henka.ee\/en\/tingimused\/","url":"https:\/\/old.henka.ee\/en\/tingimused\/","name":"Tingimused - Henka","isPartOf":{"@id":"https:\/\/old.henka.ee\/#website"},"datePublished":"2019-04-07T10:27:07+00:00","dateModified":"2020-12-30T08:30:27+00:00","breadcrumb":{"@id":"https:\/\/old.henka.ee\/en\/tingimused\/#breadcrumb"},"inLanguage":"en-US","potentialAction":[{"@type":"ReadAction","target":["https:\/\/old.henka.ee\/en\/tingimused\/"]}]},{"@type":"BreadcrumbList","@id":"https:\/\/old.henka.ee\/en\/tingimused\/#breadcrumb","itemListElement":[{"@type":"ListItem","position":1,"name":"Home","item":"https:\/\/old.henka.ee\/en\/"},{"@type":"ListItem","position":2,"name":"Tingimused"}]},{"@type":"WebSite","@id":"https:\/\/old.henka.ee\/#website","url":"https:\/\/old.henka.ee\/","name":"Henka","description":"Matkatarbed","potentialAction":[{"@type":"SearchAction","target":{"@type":"EntryPoint","urlTemplate":"https:\/\/old.henka.ee\/?s={search_term_string}"},"query-input":{"@type":"PropertyValueSpecification","valueRequired":true,"valueName":"search_term_string"}}],"inLanguage":"en-US"}]}},"_links":{"self":[{"href":"https:\/\/old.henka.ee\/en\/wp-json\/wp\/v2\/pages\/9540","targetHints":{"allow":["GET"]}}],"collection":[{"href":"https:\/\/old.henka.ee\/en\/wp-json\/wp\/v2\/pages"}],"about":[{"href":"https:\/\/old.henka.ee\/en\/wp-json\/wp\/v2\/types\/page"}],"author":[{"embeddable":true,"href":"https:\/\/old.henka.ee\/en\/wp-json\/wp\/v2\/users\/3"}],"replies":[{"embeddable":true,"href":"https:\/\/old.henka.ee\/en\/wp-json\/wp\/v2\/comments?post=9540"}],"version-history":[{"count":4,"href":"https:\/\/old.henka.ee\/en\/wp-json\/wp\/v2\/pages\/9540\/revisions"}],"predecessor-version":[{"id":9545,"href":"https:\/\/old.henka.ee\/en\/wp-json\/wp\/v2\/pages\/9540\/revisions\/9545"}],"wp:attachment":[{"href":"https:\/\/old.henka.ee\/en\/wp-json\/wp\/v2\/media?parent=9540"}],"curies":[{"name":"wp","href":"https:\/\/api.w.org\/{rel}","templated":true}]}}